{"id":42,"date":"2018-11-13T13:28:34","date_gmt":"2018-11-13T13:28:34","guid":{"rendered":"https:\/\/themes.getmotopress.com\/palmeria\/?page_id=42"},"modified":"2025-04-12T19:33:24","modified_gmt":"2025-04-12T19:33:24","slug":"welcome-to-palmeria-hotel","status":"publish","type":"page","link":"http:\/\/willaswierkowa-debina.pl\/","title":{"rendered":"Willa \u015awierkowa zaprasza"},"content":{"rendered":"","protected":false},"excerpt":{"rendered":"<p>Zapraszamy Pa\u0144stwa do D\u0119biny, oazy ciszy i spokoju, po\u0142o\u017conej w otulinie S\u0142owi\u0144skiego Parku Narodowego, w pobli\u017cu Jeziora Gardno.<br \/>\nObszar s\u0142ynie z wyj\u0105tkowo majestatycznego urwistego klifu, u podn\u00f3\u017ca kt\u00f3rego zlokalizowana jest piaszczysta pla\u017ca, oddalona od obiektu oko\u0142o 200 m co jest jego dodatkowym atutem.<br \/>\nD\u0119bina to miejsce dla os\u00f3b lubi\u0105cych bezpo\u015bredni kontakt z przyrod\u0105, rodzin z dzie\u0107mi , lubi\u0105cych zar\u00f3wno piesze jak i rowerowe wycieczki.<br \/>\nZnajduj\u0105 si\u0119 tu liczne trasy rowerowe, wiod\u0105ce g\u0142\u00f3wnie lasami. Dla chetnych mozemy zaoferowac dostep do basenu z podgrzewana woda w sasiednim naszym osrodku.<\/p>\n","protected":false},"author":1,"featured_media":816,"parent":0,"menu_order":0,"comment_status":"closed","ping_status":"closed","template":"template-front-page.php","meta":{"ngg_post_thumbnail":0},"_links":{"self":[{"href":"http:\/\/willaswierkowa-debina.pl\/index.php\/wp-json\/wp\/v2\/pages\/42"}],"collection":[{"href":"http:\/\/willaswierkowa-debina.pl\/index.php\/wp-json\/wp\/v2\/pages"}],"about":[{"href":"http:\/\/willaswierkowa-debina.pl\/index.php\/wp-json\/wp\/v2\/types\/page"}],"author":[{"embeddable":true,"href":"http:\/\/willaswierkowa-debina.pl\/index.php\/wp-json\/wp\/v2\/users\/1"}],"replies":[{"embeddable":true,"href":"http:\/\/willaswierkowa-debina.pl\/index.php\/wp-json\/wp\/v2\/comments?post=42"}],"version-history":[{"count":7,"href":"http:\/\/willaswierkowa-debina.pl\/index.php\/wp-json\/wp\/v2\/pages\/42\/revisions"}],"predecessor-version":[{"id":870,"href":"http:\/\/willaswierkowa-debina.pl\/index.php\/wp-json\/wp\/v2\/pages\/42\/revisions\/870"}],"wp:featuredmedia":[{"embeddable":true,"href":"http:\/\/willaswierkowa-debina.pl\/index.php\/wp-json\/wp\/v2\/media\/816"}],"wp:attachment":[{"href":"http:\/\/willaswierkowa-debina.pl\/index.php\/wp-json\/wp\/v2\/media?parent=42"}],"curies":[{"name":"wp","href":"https:\/\/api.w.org\/{rel}","templated":true}]}}