{"id":583,"date":"2018-11-13T11:12:41","date_gmt":"2018-11-13T11:12:41","guid":{"rendered":"https:\/\/themes.getmotopress.com\/palmeria\/accommodations\/"},"modified":"2023-05-14T12:46:58","modified_gmt":"2023-05-14T12:46:58","slug":"accommodations","status":"publish","type":"page","link":"http:\/\/willaswierkowa-debina.pl\/index.php\/welcome-to-palmeria-hotel\/accommodations\/","title":{"rendered":"Apartamenty"},"content":{"rendered":"\n<p>Proponujemy Pa\u0144stwu noclegi w apartamentach czteroosobowych oraz jednym pi\u0119cioosobowym. Ka\u017cdy apartament czteroosobowy jest dwupoziomowy. Na parterze znajduje si\u0119 salon z aneksem kuchennym, z kt\u00f3rego prowadzi wyj\u015bcie na taras z meblami ogrodowymi i grillem, oraz \u0142azienka z prysznicem i suszark\u0105 do w\u0142os\u00f3w. Na pi\u0119trze znajduj\u0105 si\u0119 dwa pokoje dwuosobowe. W jednym jest \u0142\u00f3\u017cko ma\u0142\u017ce\u0144skie a w drugim dwa pojedyncze. Schody u g\u00f3ry zabezpieczone s\u0105 bramk\u0105.<\/p>\n\n\n\n<p>Apartament pi\u0119cioosobowy jest r\u00f3wnie\u017c dwupoziomowy . Na dole znajduje si\u0119 salon z aneksem kuchennym, z kt\u00f3rego prowadzi wyj\u015bcie na taras. Na pi\u0119trze zlokalizowana jest \u0142azienka z prysznicem i suszark\u0105 do w\u0142os\u00f3w , oraz dwa pokoje: jeden z \u0142\u00f3\u017ckiem ma\u0142\u017ce\u0144skim a drugi z trzema pojedynczymi. W tym apartamencie nie ma bramki zabezpieczaj\u0105cej schody.<\/p>\n\n\n<!-- default-view.php -->\n<div\n\tclass=\"ngg-galleryoverview default-view \"\n\tid=\"ngg-gallery-d29f4a34f2d63714bcac1b3e0483efa5-1\">\n\n\t\t<!-- Thumbnails -->\n\t\t\t\t<div id=\"ngg-image-0\" class=\"ngg-gallery-thumbnail-box ngg-3-columns\" >\n\t\t\t\t        <div class=\"ngg-gallery-thumbnail\">\n            <a href=\"http:\/\/willaswierkowa-debina.pl\/wp-content\/gallery\/pokoje\/DSC03256.jpg\"\n               title=\"\"\n               data-src=\"http:\/\/willaswierkowa-debina.pl\/wp-content\/gallery\/pokoje\/DSC03256.jpg\"\n               data-thumbnail=\"http:\/\/willaswierkowa-debina.pl\/wp-content\/gallery\/pokoje\/thumbs\/thumbs_DSC03256.jpg\"\n               data-image-id=\"45\"\n               data-title=\"DSC03256\"\n               data-description=\"\"\n               data-image-slug=\"dsc03256\"\n               class=\"ngg-simplelightbox\" rel=\"d29f4a34f2d63714bcac1b3e0483efa5\">\n                <img\n                    title=\"DSC03256\"\n                    alt=\"DSC03256\"\n                    src=\"http:\/\/willaswierkowa-debina.pl\/wp-content\/gallery\/pokoje\/thumbs\/thumbs_DSC03256.jpg\"\n                    width=\"240\"\n                    height=\"160\"\n                    style=\"max-width:100%;\"\n                \/>\n            <\/a>\n        <\/div>\n\t\t\t\t\t\t\t<\/div> \n\t\t\t\n\t\t\t\t<div id=\"ngg-image-1\" class=\"ngg-gallery-thumbnail-box ngg-3-columns\" >\n\t\t\t\t        <div class=\"ngg-gallery-thumbnail\">\n            <a href=\"http:\/\/willaswierkowa-debina.pl\/wp-content\/gallery\/pokoje\/DSC03260.jpg\"\n               title=\"\"\n               data-src=\"http:\/\/willaswierkowa-debina.pl\/wp-content\/gallery\/pokoje\/DSC03260.jpg\"\n               data-thumbnail=\"http:\/\/willaswierkowa-debina.pl\/wp-content\/gallery\/pokoje\/thumbs\/thumbs_DSC03260.jpg\"\n               data-image-id=\"47\"\n               data-title=\"DSC03260\"\n               data-description=\"\"\n               data-image-slug=\"dsc03260\"\n               class=\"ngg-simplelightbox\" rel=\"d29f4a34f2d63714bcac1b3e0483efa5\">\n                <img\n                    title=\"DSC03260\"\n                    alt=\"DSC03260\"\n                    src=\"http:\/\/willaswierkowa-debina.pl\/wp-content\/gallery\/pokoje\/thumbs\/thumbs_DSC03260.jpg\"\n                    width=\"240\"\n                    height=\"160\"\n                    style=\"max-width:100%;\"\n                \/>\n            <\/a>\n        <\/div>\n\t\t\t\t\t\t\t<\/div> \n\t\t\t\n\t\t\t\t<div id=\"ngg-image-2\" class=\"ngg-gallery-thumbnail-box ngg-3-columns\" >\n\t\t\t\t        <div class=\"ngg-gallery-thumbnail\">\n            <a href=\"http:\/\/willaswierkowa-debina.pl\/wp-content\/gallery\/pokoje\/DSC03368.jpg\"\n               title=\"\"\n               data-src=\"http:\/\/willaswierkowa-debina.pl\/wp-content\/gallery\/pokoje\/DSC03368.jpg\"\n               data-thumbnail=\"http:\/\/willaswierkowa-debina.pl\/wp-content\/gallery\/pokoje\/thumbs\/thumbs_DSC03368.jpg\"\n               data-image-id=\"70\"\n               data-title=\"DSC03368\"\n               data-description=\"\"\n               data-image-slug=\"dsc03368\"\n               class=\"ngg-simplelightbox\" rel=\"d29f4a34f2d63714bcac1b3e0483efa5\">\n                <img\n                    title=\"DSC03368\"\n                    alt=\"DSC03368\"\n                    src=\"http:\/\/willaswierkowa-debina.pl\/wp-content\/gallery\/pokoje\/thumbs\/thumbs_DSC03368.jpg\"\n                    width=\"240\"\n                    height=\"160\"\n                    style=\"max-width:100%;\"\n                \/>\n            <\/a>\n        <\/div>\n\t\t\t\t\t\t\t<\/div> \n\t\t\t\n\t\t\t\t<div id=\"ngg-image-3\" class=\"ngg-gallery-thumbnail-box ngg-3-columns\" >\n\t\t\t\t        <div class=\"ngg-gallery-thumbnail\">\n            <a href=\"http:\/\/willaswierkowa-debina.pl\/wp-content\/gallery\/pokoje\/DSC03267.jpg\"\n               title=\"\"\n               data-src=\"http:\/\/willaswierkowa-debina.pl\/wp-content\/gallery\/pokoje\/DSC03267.jpg\"\n               data-thumbnail=\"http:\/\/willaswierkowa-debina.pl\/wp-content\/gallery\/pokoje\/thumbs\/thumbs_DSC03267.jpg\"\n               data-image-id=\"51\"\n               data-title=\"DSC03267\"\n               data-description=\"\"\n               data-image-slug=\"dsc03267\"\n               class=\"ngg-simplelightbox\" rel=\"d29f4a34f2d63714bcac1b3e0483efa5\">\n                <img\n                    title=\"DSC03267\"\n                    alt=\"DSC03267\"\n                    src=\"http:\/\/willaswierkowa-debina.pl\/wp-content\/gallery\/pokoje\/thumbs\/thumbs_DSC03267.jpg\"\n                    width=\"240\"\n                    height=\"160\"\n                    style=\"max-width:100%;\"\n                \/>\n            <\/a>\n        <\/div>\n\t\t\t\t\t\t\t<\/div> \n\t\t\t\n\t\t\t\t<div id=\"ngg-image-4\" class=\"ngg-gallery-thumbnail-box ngg-3-columns\" >\n\t\t\t\t        <div class=\"ngg-gallery-thumbnail\">\n            <a href=\"http:\/\/willaswierkowa-debina.pl\/wp-content\/gallery\/pokoje\/DSC03272.jpg\"\n               title=\"\"\n               data-src=\"http:\/\/willaswierkowa-debina.pl\/wp-content\/gallery\/pokoje\/DSC03272.jpg\"\n               data-thumbnail=\"http:\/\/willaswierkowa-debina.pl\/wp-content\/gallery\/pokoje\/thumbs\/thumbs_DSC03272.jpg\"\n               data-image-id=\"50\"\n               data-title=\"DSC03272\"\n               data-description=\"\"\n               data-image-slug=\"dsc03272\"\n               class=\"ngg-simplelightbox\" rel=\"d29f4a34f2d63714bcac1b3e0483efa5\">\n                <img\n                    title=\"DSC03272\"\n                    alt=\"DSC03272\"\n                    src=\"http:\/\/willaswierkowa-debina.pl\/wp-content\/gallery\/pokoje\/thumbs\/thumbs_DSC03272.jpg\"\n                    width=\"240\"\n                    height=\"160\"\n                    style=\"max-width:100%;\"\n                \/>\n            <\/a>\n        <\/div>\n\t\t\t\t\t\t\t<\/div> \n\t\t\t\n\t\t\t\t<div id=\"ngg-image-5\" class=\"ngg-gallery-thumbnail-box ngg-3-columns\" >\n\t\t\t\t        <div class=\"ngg-gallery-thumbnail\">\n            <a href=\"http:\/\/willaswierkowa-debina.pl\/wp-content\/gallery\/pokoje\/DSC03258.jpg\"\n               title=\"\"\n               data-src=\"http:\/\/willaswierkowa-debina.pl\/wp-content\/gallery\/pokoje\/DSC03258.jpg\"\n               data-thumbnail=\"http:\/\/willaswierkowa-debina.pl\/wp-content\/gallery\/pokoje\/thumbs\/thumbs_DSC03258.jpg\"\n               data-image-id=\"43\"\n               data-title=\"DSC03258\"\n               data-description=\"\"\n               data-image-slug=\"dsc03258\"\n               class=\"ngg-simplelightbox\" rel=\"d29f4a34f2d63714bcac1b3e0483efa5\">\n                <img\n                    title=\"DSC03258\"\n                    alt=\"DSC03258\"\n                    src=\"http:\/\/willaswierkowa-debina.pl\/wp-content\/gallery\/pokoje\/thumbs\/thumbs_DSC03258.jpg\"\n                    width=\"240\"\n                    height=\"160\"\n                    style=\"max-width:100%;\"\n                \/>\n            <\/a>\n        <\/div>\n\t\t\t\t\t\t\t<\/div> \n\t\t\t\n\t\t\t\t<div id=\"ngg-image-6\" class=\"ngg-gallery-thumbnail-box ngg-3-columns\" >\n\t\t\t\t        <div class=\"ngg-gallery-thumbnail\">\n            <a href=\"http:\/\/willaswierkowa-debina.pl\/wp-content\/gallery\/pokoje\/DSC03200.jpg\"\n               title=\"\"\n               data-src=\"http:\/\/willaswierkowa-debina.pl\/wp-content\/gallery\/pokoje\/DSC03200.jpg\"\n               data-thumbnail=\"http:\/\/willaswierkowa-debina.pl\/wp-content\/gallery\/pokoje\/thumbs\/thumbs_DSC03200.jpg\"\n               data-image-id=\"33\"\n               data-title=\"DSC03200\"\n               data-description=\"\"\n               data-image-slug=\"dsc03200\"\n               class=\"ngg-simplelightbox\" rel=\"d29f4a34f2d63714bcac1b3e0483efa5\">\n                <img\n                    title=\"DSC03200\"\n                    alt=\"DSC03200\"\n                    src=\"http:\/\/willaswierkowa-debina.pl\/wp-content\/gallery\/pokoje\/thumbs\/thumbs_DSC03200.jpg\"\n                    width=\"240\"\n                    height=\"160\"\n                    style=\"max-width:100%;\"\n                \/>\n            <\/a>\n        <\/div>\n\t\t\t\t\t\t\t<\/div> \n\t\t\t\n\t\t\t\t<div id=\"ngg-image-7\" class=\"ngg-gallery-thumbnail-box ngg-3-columns\" >\n\t\t\t\t        <div class=\"ngg-gallery-thumbnail\">\n            <a href=\"http:\/\/willaswierkowa-debina.pl\/wp-content\/gallery\/pokoje\/DSC03186.jpg\"\n               title=\"\"\n               data-src=\"http:\/\/willaswierkowa-debina.pl\/wp-content\/gallery\/pokoje\/DSC03186.jpg\"\n               data-thumbnail=\"http:\/\/willaswierkowa-debina.pl\/wp-content\/gallery\/pokoje\/thumbs\/thumbs_DSC03186.jpg\"\n               data-image-id=\"31\"\n               data-title=\"DSC03186\"\n               data-description=\"\"\n               data-image-slug=\"dsc03186\"\n               class=\"ngg-simplelightbox\" rel=\"d29f4a34f2d63714bcac1b3e0483efa5\">\n                <img\n                    title=\"DSC03186\"\n                    alt=\"DSC03186\"\n                    src=\"http:\/\/willaswierkowa-debina.pl\/wp-content\/gallery\/pokoje\/thumbs\/thumbs_DSC03186.jpg\"\n                    width=\"240\"\n                    height=\"160\"\n                    style=\"max-width:100%;\"\n                \/>\n            <\/a>\n        <\/div>\n\t\t\t\t\t\t\t<\/div> \n\t\t\t\n\t\t\t\t<div id=\"ngg-image-8\" class=\"ngg-gallery-thumbnail-box ngg-3-columns\" >\n\t\t\t\t        <div class=\"ngg-gallery-thumbnail\">\n            <a href=\"http:\/\/willaswierkowa-debina.pl\/wp-content\/gallery\/pokoje\/DSC03206.jpg\"\n               title=\"\"\n               data-src=\"http:\/\/willaswierkowa-debina.pl\/wp-content\/gallery\/pokoje\/DSC03206.jpg\"\n               data-thumbnail=\"http:\/\/willaswierkowa-debina.pl\/wp-content\/gallery\/pokoje\/thumbs\/thumbs_DSC03206.jpg\"\n               data-image-id=\"34\"\n               data-title=\"DSC03206\"\n               data-description=\"\"\n               data-image-slug=\"dsc03206\"\n               class=\"ngg-simplelightbox\" rel=\"d29f4a34f2d63714bcac1b3e0483efa5\">\n                <img\n                    title=\"DSC03206\"\n                    alt=\"DSC03206\"\n                    src=\"http:\/\/willaswierkowa-debina.pl\/wp-content\/gallery\/pokoje\/thumbs\/thumbs_DSC03206.jpg\"\n                    width=\"240\"\n                    height=\"160\"\n                    style=\"max-width:100%;\"\n                \/>\n            <\/a>\n        <\/div>\n\t\t\t\t\t\t\t<\/div> \n\t\t\t\n\t\t\t\t<div id=\"ngg-image-9\" class=\"ngg-gallery-thumbnail-box ngg-3-columns\" >\n\t\t\t\t        <div class=\"ngg-gallery-thumbnail\">\n            <a href=\"http:\/\/willaswierkowa-debina.pl\/wp-content\/gallery\/pokoje\/DSC03174.jpg\"\n               title=\"\"\n               data-src=\"http:\/\/willaswierkowa-debina.pl\/wp-content\/gallery\/pokoje\/DSC03174.jpg\"\n               data-thumbnail=\"http:\/\/willaswierkowa-debina.pl\/wp-content\/gallery\/pokoje\/thumbs\/thumbs_DSC03174.jpg\"\n               data-image-id=\"29\"\n               data-title=\"DSC03174\"\n               data-description=\"\"\n               data-image-slug=\"dsc03174\"\n               class=\"ngg-simplelightbox\" rel=\"d29f4a34f2d63714bcac1b3e0483efa5\">\n                <img\n                    title=\"DSC03174\"\n                    alt=\"DSC03174\"\n                    src=\"http:\/\/willaswierkowa-debina.pl\/wp-content\/gallery\/pokoje\/thumbs\/thumbs_DSC03174.jpg\"\n                    width=\"240\"\n                    height=\"160\"\n                    style=\"max-width:100%;\"\n                \/>\n            <\/a>\n        <\/div>\n\t\t\t\t\t\t\t<\/div> \n\t\t\t\n\t\t\t\t<div id=\"ngg-image-10\" class=\"ngg-gallery-thumbnail-box ngg-3-columns\" >\n\t\t\t\t        <div class=\"ngg-gallery-thumbnail\">\n            <a href=\"http:\/\/willaswierkowa-debina.pl\/wp-content\/gallery\/pokoje\/DSC03223.jpg\"\n               title=\"\"\n               data-src=\"http:\/\/willaswierkowa-debina.pl\/wp-content\/gallery\/pokoje\/DSC03223.jpg\"\n               data-thumbnail=\"http:\/\/willaswierkowa-debina.pl\/wp-content\/gallery\/pokoje\/thumbs\/thumbs_DSC03223.jpg\"\n               data-image-id=\"40\"\n               data-title=\"DSC03223\"\n               data-description=\"\"\n               data-image-slug=\"dsc03223\"\n               class=\"ngg-simplelightbox\" rel=\"d29f4a34f2d63714bcac1b3e0483efa5\">\n                <img\n                    title=\"DSC03223\"\n                    alt=\"DSC03223\"\n                    src=\"http:\/\/willaswierkowa-debina.pl\/wp-content\/gallery\/pokoje\/thumbs\/thumbs_DSC03223.jpg\"\n                    width=\"240\"\n                    height=\"160\"\n                    style=\"max-width:100%;\"\n                \/>\n            <\/a>\n        <\/div>\n\t\t\t\t\t\t\t<\/div> \n\t\t\t\n\t\t\t\t<div id=\"ngg-image-11\" class=\"ngg-gallery-thumbnail-box ngg-3-columns\" >\n\t\t\t\t        <div class=\"ngg-gallery-thumbnail\">\n            <a href=\"http:\/\/willaswierkowa-debina.pl\/wp-content\/gallery\/pokoje\/DSC03195.jpg\"\n               title=\"\"\n               data-src=\"http:\/\/willaswierkowa-debina.pl\/wp-content\/gallery\/pokoje\/DSC03195.jpg\"\n               data-thumbnail=\"http:\/\/willaswierkowa-debina.pl\/wp-content\/gallery\/pokoje\/thumbs\/thumbs_DSC03195.jpg\"\n               data-image-id=\"30\"\n               data-title=\"DSC03195\"\n               data-description=\"\"\n               data-image-slug=\"dsc03195\"\n               class=\"ngg-simplelightbox\" rel=\"d29f4a34f2d63714bcac1b3e0483efa5\">\n                <img\n                    title=\"DSC03195\"\n                    alt=\"DSC03195\"\n                    src=\"http:\/\/willaswierkowa-debina.pl\/wp-content\/gallery\/pokoje\/thumbs\/thumbs_DSC03195.jpg\"\n                    width=\"240\"\n                    height=\"160\"\n                    style=\"max-width:100%;\"\n                \/>\n            <\/a>\n        <\/div>\n\t\t\t\t\t\t\t<\/div> \n\t\t\t\n\t\t\t\t<div id=\"ngg-image-12\" class=\"ngg-gallery-thumbnail-box ngg-3-columns\" >\n\t\t\t\t        <div class=\"ngg-gallery-thumbnail\">\n            <a href=\"http:\/\/willaswierkowa-debina.pl\/wp-content\/gallery\/pokoje\/DSC03236.jpg\"\n               title=\"\"\n               data-src=\"http:\/\/willaswierkowa-debina.pl\/wp-content\/gallery\/pokoje\/DSC03236.jpg\"\n               data-thumbnail=\"http:\/\/willaswierkowa-debina.pl\/wp-content\/gallery\/pokoje\/thumbs\/thumbs_DSC03236.jpg\"\n               data-image-id=\"38\"\n               data-title=\"DSC03236\"\n               data-description=\"\"\n               data-image-slug=\"dsc03236\"\n               class=\"ngg-simplelightbox\" rel=\"d29f4a34f2d63714bcac1b3e0483efa5\">\n                <img\n                    title=\"DSC03236\"\n                    alt=\"DSC03236\"\n                    src=\"http:\/\/willaswierkowa-debina.pl\/wp-content\/gallery\/pokoje\/thumbs\/thumbs_DSC03236.jpg\"\n                    width=\"240\"\n                    height=\"160\"\n                    style=\"max-width:100%;\"\n                \/>\n            <\/a>\n        <\/div>\n\t\t\t\t\t\t\t<\/div> \n\t\t\t\n\t\t\t\t<div id=\"ngg-image-13\" class=\"ngg-gallery-thumbnail-box ngg-3-columns\" >\n\t\t\t\t        <div class=\"ngg-gallery-thumbnail\">\n            <a href=\"http:\/\/willaswierkowa-debina.pl\/wp-content\/gallery\/pokoje\/DSC03191.jpg\"\n               title=\"\"\n               data-src=\"http:\/\/willaswierkowa-debina.pl\/wp-content\/gallery\/pokoje\/DSC03191.jpg\"\n               data-thumbnail=\"http:\/\/willaswierkowa-debina.pl\/wp-content\/gallery\/pokoje\/thumbs\/thumbs_DSC03191.jpg\"\n               data-image-id=\"28\"\n               data-title=\"DSC03191\"\n               data-description=\"\"\n               data-image-slug=\"dsc03191\"\n               class=\"ngg-simplelightbox\" rel=\"d29f4a34f2d63714bcac1b3e0483efa5\">\n                <img\n                    title=\"DSC03191\"\n                    alt=\"DSC03191\"\n                    src=\"http:\/\/willaswierkowa-debina.pl\/wp-content\/gallery\/pokoje\/thumbs\/thumbs_DSC03191.jpg\"\n                    width=\"240\"\n                    height=\"160\"\n                    style=\"max-width:100%;\"\n                \/>\n            <\/a>\n        <\/div>\n\t\t\t\t\t\t\t<\/div> \n\t\t\t\n\t\t\t\t<div id=\"ngg-image-14\" class=\"ngg-gallery-thumbnail-box ngg-3-columns\" >\n\t\t\t\t        <div class=\"ngg-gallery-thumbnail\">\n            <a href=\"http:\/\/willaswierkowa-debina.pl\/wp-content\/gallery\/pokoje\/DSC03212.jpg\"\n               title=\"\"\n               data-src=\"http:\/\/willaswierkowa-debina.pl\/wp-content\/gallery\/pokoje\/DSC03212.jpg\"\n               data-thumbnail=\"http:\/\/willaswierkowa-debina.pl\/wp-content\/gallery\/pokoje\/thumbs\/thumbs_DSC03212.jpg\"\n               data-image-id=\"37\"\n               data-title=\"DSC03212\"\n               data-description=\"\"\n               data-image-slug=\"dsc03212\"\n               class=\"ngg-simplelightbox\" rel=\"d29f4a34f2d63714bcac1b3e0483efa5\">\n                <img\n                    title=\"DSC03212\"\n                    alt=\"DSC03212\"\n                    src=\"http:\/\/willaswierkowa-debina.pl\/wp-content\/gallery\/pokoje\/thumbs\/thumbs_DSC03212.jpg\"\n                    width=\"240\"\n                    height=\"160\"\n                    style=\"max-width:100%;\"\n                \/>\n            <\/a>\n        <\/div>\n\t\t\t\t\t\t\t<\/div> \n\t\t\t\n\t\n\t<br style=\"clear: both\" \/>\n\n\t\n\t\t<!-- Pagination -->\n\t<div class='ngg-navigation'><span class='current'>1<\/span>\n<a class='page-numbers' data-pageid='2' href='http:\/\/willaswierkowa-debina.pl\/index.php\/welcome-to-palmeria-hotel\/accommodations\/nggallery\/page\/2'>2<\/a>\n<a class='page-numbers' data-pageid='3' href='http:\/\/willaswierkowa-debina.pl\/index.php\/welcome-to-palmeria-hotel\/accommodations\/nggallery\/page\/3'>3<\/a>\n<a class='prev' href='http:\/\/willaswierkowa-debina.pl\/index.php\/welcome-to-palmeria-hotel\/accommodations\/nggallery\/page\/2' data-pageid=2>&#9658;<\/a><\/div>\t<\/div>\n\n","protected":false},"excerpt":{"rendered":"<p>Proponujemy Pa\u0144stwu noclegi w apartamentach czteroosobowych oraz jednym pi\u0119cioosobowym. Ka\u017cdy apartament czteroosobowy jest dwupoziomowy. Na parterze znajduje si\u0119 salon z aneksem kuchennym, z kt\u00f3rego prowadzi wyj\u015bcie na taras z meblami ogrodowymi i grillem, oraz \u0142azienka z prysznicem i suszark\u0105 do w\u0142os\u00f3w. Na pi\u0119trze znajduj\u0105 si\u0119 dwa pokoje dwuosobowe. W jednym jest \u0142\u00f3\u017cko ma\u0142\u017ce\u0144skie a w [&hellip;]<\/p>\n","protected":false},"author":1,"featured_media":813,"parent":42,"menu_order":1,"comment_status":"closed","ping_status":"closed","template":"template-wide-page.php","meta":{"ngg_post_thumbnail":0},"_links":{"self":[{"href":"http:\/\/willaswierkowa-debina.pl\/index.php\/wp-json\/wp\/v2\/pages\/583"}],"collection":[{"href":"http:\/\/willaswierkowa-debina.pl\/index.php\/wp-json\/wp\/v2\/pages"}],"about":[{"href":"http:\/\/willaswierkowa-debina.pl\/index.php\/wp-json\/wp\/v2\/types\/page"}],"author":[{"embeddable":true,"href":"http:\/\/willaswierkowa-debina.pl\/index.php\/wp-json\/wp\/v2\/users\/1"}],"replies":[{"embeddable":true,"href":"http:\/\/willaswierkowa-debina.pl\/index.php\/wp-json\/wp\/v2\/comments?post=583"}],"version-history":[{"count":18,"href":"http:\/\/willaswierkowa-debina.pl\/index.php\/wp-json\/wp\/v2\/pages\/583\/revisions"}],"predecessor-version":[{"id":830,"href":"http:\/\/willaswierkowa-debina.pl\/index.php\/wp-json\/wp\/v2\/pages\/583\/revisions\/830"}],"up":[{"embeddable":true,"href":"http:\/\/willaswierkowa-debina.pl\/index.php\/wp-json\/wp\/v2\/pages\/42"}],"wp:featuredmedia":[{"embeddable":true,"href":"http:\/\/willaswierkowa-debina.pl\/index.php\/wp-json\/wp\/v2\/media\/813"}],"wp:attachment":[{"href":"http:\/\/willaswierkowa-debina.pl\/index.php\/wp-json\/wp\/v2\/media?parent=583"}],"curies":[{"name":"wp","href":"https:\/\/api.w.org\/{rel}","templated":true}]}}